{"id":83,"date":"2026-01-02T23:06:33","date_gmt":"2026-01-02T23:06:33","guid":{"rendered":"https:\/\/redemaior.com.br\/loja\/produto\/oculos-aviador-classic\/"},"modified":"2026-01-02T23:06:33","modified_gmt":"2026-01-02T23:06:33","slug":"oculos-aviador-classic","status":"publish","type":"product","link":"https:\/\/redemaior.com.br\/loja\/produto\/oculos-aviador-classic\/","title":{"rendered":"\u00d3culos Aviador Classic"},"content":{"rendered":"<p>Estilo atemporal com prote\u00e7\u00e3o UV total.<\/p>\n","protected":false},"excerpt":{"rendered":"<p>Produto de alta qualidade da RedemaiorShop.<\/p>\n","protected":false},"featured_media":84,"comment_status":"open","ping_status":"closed","template":"","meta":{"_regular_price":["199.00"],"currency_symbol":[]},"product_brand":[],"product_cat":[28],"product_tag":[],"class_list":{"0":"post-83","1":"product","2":"type-product","3":"status-publish","4":"has-post-thumbnail","6":"product_cat-moda","8":"first","9":"instock","10":"sale","11":"shipping-taxable","12":"purchasable","13":"product-type-simple"},"post_slider_layout_featured_media_urls":{"thumbnail":["https:\/\/redemaior.com.br\/loja\/wp-content\/uploads\/2026\/01\/sunglasses-150x150.jpg",150,150,true],"post_slider_layout_landscape_large":["https:\/\/redemaior.com.br\/loja\/wp-content\/uploads\/2026\/01\/sunglasses-1024x800.jpg",1024,800,true],"post_slider_layout_portrait_large":["https:\/\/redemaior.com.br\/loja\/wp-content\/uploads\/2026\/01\/sunglasses.jpg",1024,1024,false],"post_slider_layout_square_large":["https:\/\/redemaior.com.br\/loja\/wp-content\/uploads\/2026\/01\/sunglasses.jpg",1024,1024,false],"post_slider_layout_landscape":["https:\/\/redemaior.com.br\/loja\/wp-content\/uploads\/2026\/01\/sunglasses-600x400.jpg",600,400,true],"post_slider_layout_portrait":["https:\/\/redemaior.com.br\/loja\/wp-content\/uploads\/2026\/01\/sunglasses-600x900.jpg",600,900,true],"post_slider_layout_square":["https:\/\/redemaior.com.br\/loja\/wp-content\/uploads\/2026\/01\/sunglasses-600x600.jpg",600,600,true],"full":["https:\/\/redemaior.com.br\/loja\/wp-content\/uploads\/2026\/01\/sunglasses.jpg",1024,1024,false]},"_links":{"self":[{"href":"https:\/\/redemaior.com.br\/loja\/wp-json\/wp\/v2\/product\/83","targetHints":{"allow":["GET"]}}],"collection":[{"href":"https:\/\/redemaior.com.br\/loja\/wp-json\/wp\/v2\/product"}],"about":[{"href":"https:\/\/redemaior.com.br\/loja\/wp-json\/wp\/v2\/types\/product"}],"replies":[{"embeddable":true,"href":"https:\/\/redemaior.com.br\/loja\/wp-json\/wp\/v2\/comments?post=83"}],"wp:featuredmedia":[{"embeddable":true,"href":"https:\/\/redemaior.com.br\/loja\/wp-json\/wp\/v2\/media\/84"}],"wp:attachment":[{"href":"https:\/\/redemaior.com.br\/loja\/wp-json\/wp\/v2\/media?parent=83"}],"wp:term":[{"taxonomy":"product_brand","embeddable":true,"href":"https:\/\/redemaior.com.br\/loja\/wp-json\/wp\/v2\/product_brand?post=83"},{"taxonomy":"product_cat","embeddable":true,"href":"https:\/\/redemaior.com.br\/loja\/wp-json\/wp\/v2\/product_cat?post=83"},{"taxonomy":"product_tag","embeddable":true,"href":"https:\/\/redemaior.com.br\/loja\/wp-json\/wp\/v2\/product_tag?post=83"}],"curies":[{"name":"wp","href":"https:\/\/api.w.org\/{rel}","templated":true}]}}