{"id":77,"date":"2026-01-02T23:06:31","date_gmt":"2026-01-02T23:06:31","guid":{"rendered":"https:\/\/redemaior.com.br\/loja\/produto\/camera-mirrorless-v-log\/"},"modified":"2026-01-02T23:06:31","modified_gmt":"2026-01-02T23:06:31","slug":"camera-mirrorless-v-log","status":"publish","type":"product","link":"https:\/\/redemaior.com.br\/loja\/produto\/camera-mirrorless-v-log\/","title":{"rendered":"C\u00e2mera Mirrorless V-Log"},"content":{"rendered":"<p>A escolha perfeita para criadores de conte\u00fado e fot\u00f3grafos entusiastas.<\/p>\n","protected":false},"excerpt":{"rendered":"<p>Produto de alta qualidade da RedemaiorShop.<\/p>\n","protected":false},"featured_media":78,"comment_status":"open","ping_status":"closed","template":"","meta":{"_regular_price":["4200.00"],"currency_symbol":[]},"product_brand":[],"product_cat":[26],"product_tag":[],"class_list":{"0":"post-77","1":"product","2":"type-product","3":"status-publish","4":"has-post-thumbnail","6":"product_cat-fotografia","8":"first","9":"instock","10":"shipping-taxable","11":"purchasable","12":"product-type-simple"},"post_slider_layout_featured_media_urls":{"thumbnail":["https:\/\/redemaior.com.br\/loja\/wp-content\/uploads\/2026\/01\/camera-150x150.jpg",150,150,true],"post_slider_layout_landscape_large":["https:\/\/redemaior.com.br\/loja\/wp-content\/uploads\/2026\/01\/camera-1024x800.jpg",1024,800,true],"post_slider_layout_portrait_large":["https:\/\/redemaior.com.br\/loja\/wp-content\/uploads\/2026\/01\/camera.jpg",1024,1024,false],"post_slider_layout_square_large":["https:\/\/redemaior.com.br\/loja\/wp-content\/uploads\/2026\/01\/camera.jpg",1024,1024,false],"post_slider_layout_landscape":["https:\/\/redemaior.com.br\/loja\/wp-content\/uploads\/2026\/01\/camera-600x400.jpg",600,400,true],"post_slider_layout_portrait":["https:\/\/redemaior.com.br\/loja\/wp-content\/uploads\/2026\/01\/camera-600x900.jpg",600,900,true],"post_slider_layout_square":["https:\/\/redemaior.com.br\/loja\/wp-content\/uploads\/2026\/01\/camera-600x600.jpg",600,600,true],"full":["https:\/\/redemaior.com.br\/loja\/wp-content\/uploads\/2026\/01\/camera.jpg",1024,1024,false]},"_links":{"self":[{"href":"https:\/\/redemaior.com.br\/loja\/wp-json\/wp\/v2\/product\/77","targetHints":{"allow":["GET"]}}],"collection":[{"href":"https:\/\/redemaior.com.br\/loja\/wp-json\/wp\/v2\/product"}],"about":[{"href":"https:\/\/redemaior.com.br\/loja\/wp-json\/wp\/v2\/types\/product"}],"replies":[{"embeddable":true,"href":"https:\/\/redemaior.com.br\/loja\/wp-json\/wp\/v2\/comments?post=77"}],"wp:featuredmedia":[{"embeddable":true,"href":"https:\/\/redemaior.com.br\/loja\/wp-json\/wp\/v2\/media\/78"}],"wp:attachment":[{"href":"https:\/\/redemaior.com.br\/loja\/wp-json\/wp\/v2\/media?parent=77"}],"wp:term":[{"taxonomy":"product_brand","embeddable":true,"href":"https:\/\/redemaior.com.br\/loja\/wp-json\/wp\/v2\/product_brand?post=77"},{"taxonomy":"product_cat","embeddable":true,"href":"https:\/\/redemaior.com.br\/loja\/wp-json\/wp\/v2\/product_cat?post=77"},{"taxonomy":"product_tag","embeddable":true,"href":"https:\/\/redemaior.com.br\/loja\/wp-json\/wp\/v2\/product_tag?post=77"}],"curies":[{"name":"wp","href":"https:\/\/api.w.org\/{rel}","templated":true}]}}