{"id":73,"date":"2026-01-02T23:06:29","date_gmt":"2026-01-02T23:06:29","guid":{"rendered":"https:\/\/redemaior.com.br\/loja\/produto\/smartwatch-health-edition\/"},"modified":"2026-01-02T23:06:29","modified_gmt":"2026-01-02T23:06:29","slug":"smartwatch-health-edition","status":"publish","type":"product","link":"https:\/\/redemaior.com.br\/loja\/produto\/smartwatch-health-edition\/","title":{"rendered":"Smartwatch Health Edition"},"content":{"rendered":"<p>Monitore sua sa\u00fade e receba notifica\u00e7\u00f5es com eleg\u00e2ncia.<\/p>\n","protected":false},"excerpt":{"rendered":"<p>Produto de alta qualidade da RedemaiorShop.<\/p>\n","protected":false},"featured_media":74,"comment_status":"open","ping_status":"closed","template":"","meta":{"_regular_price":["1299.00"],"currency_symbol":[]},"product_brand":[],"product_cat":[24],"product_tag":[],"class_list":{"0":"post-73","1":"product","2":"type-product","3":"status-publish","4":"has-post-thumbnail","6":"product_cat-wearables","8":"first","9":"instock","10":"shipping-taxable","11":"purchasable","12":"product-type-simple"},"post_slider_layout_featured_media_urls":{"thumbnail":["https:\/\/redemaior.com.br\/loja\/wp-content\/uploads\/2026\/01\/watch-150x150.jpg",150,150,true],"post_slider_layout_landscape_large":["https:\/\/redemaior.com.br\/loja\/wp-content\/uploads\/2026\/01\/watch-1024x800.jpg",1024,800,true],"post_slider_layout_portrait_large":["https:\/\/redemaior.com.br\/loja\/wp-content\/uploads\/2026\/01\/watch.jpg",1024,1024,false],"post_slider_layout_square_large":["https:\/\/redemaior.com.br\/loja\/wp-content\/uploads\/2026\/01\/watch.jpg",1024,1024,false],"post_slider_layout_landscape":["https:\/\/redemaior.com.br\/loja\/wp-content\/uploads\/2026\/01\/watch-600x400.jpg",600,400,true],"post_slider_layout_portrait":["https:\/\/redemaior.com.br\/loja\/wp-content\/uploads\/2026\/01\/watch-600x900.jpg",600,900,true],"post_slider_layout_square":["https:\/\/redemaior.com.br\/loja\/wp-content\/uploads\/2026\/01\/watch-600x600.jpg",600,600,true],"full":["https:\/\/redemaior.com.br\/loja\/wp-content\/uploads\/2026\/01\/watch.jpg",1024,1024,false]},"_links":{"self":[{"href":"https:\/\/redemaior.com.br\/loja\/wp-json\/wp\/v2\/product\/73","targetHints":{"allow":["GET"]}}],"collection":[{"href":"https:\/\/redemaior.com.br\/loja\/wp-json\/wp\/v2\/product"}],"about":[{"href":"https:\/\/redemaior.com.br\/loja\/wp-json\/wp\/v2\/types\/product"}],"replies":[{"embeddable":true,"href":"https:\/\/redemaior.com.br\/loja\/wp-json\/wp\/v2\/comments?post=73"}],"wp:featuredmedia":[{"embeddable":true,"href":"https:\/\/redemaior.com.br\/loja\/wp-json\/wp\/v2\/media\/74"}],"wp:attachment":[{"href":"https:\/\/redemaior.com.br\/loja\/wp-json\/wp\/v2\/media?parent=73"}],"wp:term":[{"taxonomy":"product_brand","embeddable":true,"href":"https:\/\/redemaior.com.br\/loja\/wp-json\/wp\/v2\/product_brand?post=73"},{"taxonomy":"product_cat","embeddable":true,"href":"https:\/\/redemaior.com.br\/loja\/wp-json\/wp\/v2\/product_cat?post=73"},{"taxonomy":"product_tag","embeddable":true,"href":"https:\/\/redemaior.com.br\/loja\/wp-json\/wp\/v2\/product_tag?post=73"}],"curies":[{"name":"wp","href":"https:\/\/api.w.org\/{rel}","templated":true}]}}