{"id":61,"date":"2026-01-02T23:06:27","date_gmt":"2026-01-02T23:06:27","guid":{"rendered":"https:\/\/redemaior.com.br\/loja\/sobre\/"},"modified":"2026-01-02T23:06:27","modified_gmt":"2026-01-02T23:06:27","slug":"sobre","status":"publish","type":"page","link":"https:\/\/redemaior.com.br\/loja\/sobre\/","title":{"rendered":"Sobre N\u00f3s"},"content":{"rendered":"n<p>A RedemaiorShop \u00e9 l\u00edder em varejo online&#8230;<\/p>n","protected":false},"excerpt":{"rendered":"<p>n A RedemaiorShop \u00e9 l\u00edder em varejo online&#8230; n<\/p>\n","protected":false},"author":1,"featured_media":0,"parent":0,"menu_order":0,"comment_status":"closed","ping_status":"closed","template":"","meta":{"_regular_price":[],"currency_symbol":[],"footnotes":""},"class_list":["post-61","page","type-page","status-publish","hentry"],"post_slider_layout_featured_media_urls":{"thumbnail":"","post_slider_layout_landscape_large":"","post_slider_layout_portrait_large":"","post_slider_layout_square_large":"","post_slider_layout_landscape":"","post_slider_layout_portrait":"","post_slider_layout_square":"","full":""},"_hostinger_reach_plugin_has_subscription_block":false,"_hostinger_reach_plugin_is_elementor":false,"_links":{"self":[{"href":"https:\/\/redemaior.com.br\/loja\/wp-json\/wp\/v2\/pages\/61","targetHints":{"allow":["GET"]}}],"collection":[{"href":"https:\/\/redemaior.com.br\/loja\/wp-json\/wp\/v2\/pages"}],"about":[{"href":"https:\/\/redemaior.com.br\/loja\/wp-json\/wp\/v2\/types\/page"}],"author":[{"embeddable":true,"href":"https:\/\/redemaior.com.br\/loja\/wp-json\/wp\/v2\/users\/1"}],"replies":[{"embeddable":true,"href":"https:\/\/redemaior.com.br\/loja\/wp-json\/wp\/v2\/comments?post=61"}],"version-history":[{"count":0,"href":"https:\/\/redemaior.com.br\/loja\/wp-json\/wp\/v2\/pages\/61\/revisions"}],"wp:attachment":[{"href":"https:\/\/redemaior.com.br\/loja\/wp-json\/wp\/v2\/media?parent=61"}],"curies":[{"name":"wp","href":"https:\/\/api.w.org\/{rel}","templated":true}]}}